{"id":5974,"date":"2025-02-12T13:51:42","date_gmt":"2025-02-12T12:51:42","guid":{"rendered":"https:\/\/coneix.com\/politica-seguretat-informacio\/"},"modified":"2025-05-15T17:04:39","modified_gmt":"2025-05-15T15:04:39","slug":"politica-seguretat-informacio","status":"publish","type":"page","link":"https:\/\/coneix.com\/ca\/politica-seguretat-informacio\/","title":{"rendered":"Pol\u00edtica de Seguretat de la Informaci\u00f3 i Protecci\u00f3 de la Privacitat"},"content":{"rendered":"\n<p>La Direcci\u00f3 de Coneix \u00e9s conscient que la informaci\u00f3 \u00e9s un actiu de gran valor i, per tant, requereix una protecci\u00f3 adequada per a respondre a la confian\u00e7a que ens atorguen els nostres clients i usuaris. <\/p>\n\n\n\n<p><br>Amb l\u2019objectiu de garantir una protecci\u00f3 adequada, Coneix ha implantat un Sistema de Gesti\u00f3 de Seguretat de la Informaci\u00f3 i de la Informaci\u00f3 de Privacitat destinat a protegir la informaci\u00f3 d&#8217;amenaces i assegurar la continu\u00eftat de les l\u00ednies de negoci, minimitzar els danys, aportar garanties de seguretat als nostres clients i maximitzar el retorn de les inversions i les oportunitats de negoci. <\/p>\n\n\n\n<p><br>Amb aquesta Pol\u00edtica, la Direcci\u00f3 de Coneix es compromet a preservar la integritat, disponibilitat i confidencialitat dels actius d&#8217;informaci\u00f3, aix\u00ed com la tra\u00e7abilitat i autenticitat necess\u00e0ries, proporcionant el marc de refer\u00e8ncia per al nostre Sistema de Gesti\u00f3 de Seguretat de la Informaci\u00f3 i de la Informaci\u00f3 de Privacitat que ens ha de permetre:<\/p>\n\n\n\n<p><\/p>\n\n\n\n<ul class=\"wp-block-list\">\n<li>Establir els objectius i responsabilitats necess\u00e0ries.<\/li>\n\n\n\n<li>La integraci\u00f3 de la Seguretat de la Informaci\u00f3 i la Protecci\u00f3 de la Privacitat en tots els processos de la companyia.<\/li>\n\n\n\n<li>La implantaci\u00f3 de controls i mesures necess\u00e0ries per minimitzar els riscos de seguretat de la informaci\u00f3 i privacitat.<\/li>\n\n\n\n<li>La protecci\u00f3 de les dades de car\u00e0cter personal i la intimitat de les persones. <\/li>\n\n\n\n<li>El compliment dels requisits del negoci, la legislaci\u00f3 i altra normativa vigent, i les obligacions contractuals de seguretat d&#8217;informaci\u00f3 i privacitat.<\/li>\n\n\n\n<li>La continu\u00eftat del negoci, desenvolupant plans de continu\u00eftat conforme a est\u00e0ndards reconeguts.<\/li>\n\n\n\n<li>La conscienciaci\u00f3 i formaci\u00f3 cont\u00ednua de tot el personal.<\/li>\n\n\n\n<li>La resoluci\u00f3 plenament satisfact\u00f2ria de les incid\u00e8ncies i l&#8217;aprenentatge d&#8217;aquestes. <\/li>\n\n\n\n<li>Un proc\u00e9s de revisi\u00f3 i millora cont\u00ednua.<\/li>\n<\/ul>\n\n\n\n<p><br>L\u2019abast d\u2019aquest Pol\u00edtica inclou a totes les persones treballadores, personal subcontractat i empreses externes col\u2022laboradores que accedeixen a la informaci\u00f3 de Coneix i als sistemes d\u2019informaci\u00f3 que donen suport als processos de negoci i als serveis proporcionats. <\/p>\n\n\n\n<p><br>Sigui quin sigui el lloc de treball i les funcions de cada persona treballadora, tots som plenament responsables de la seva aplicaci\u00f3 en el nostre \u00e0mbit d&#8217;acci\u00f3, assegurant aix\u00ed uniformitat, millora cont\u00ednua i la satisfacci\u00f3 de clients externs i interns.<\/p>\n\n\n\n<p><br>Aquesta Pol\u00edtica de Seguretat de la Informaci\u00f3 i Protecci\u00f3 de la Privacitat \u00e9s difosa, entesa, implantada i actualitzada a tots els nivells de l&#8217;empresa i, tamb\u00e9, posada a disposici\u00f3 del p\u00fablic en general.<br>  <\/p>\n\n\n\n<p>Revisi\u00f3 1.0 a 11 Desembre de 2024<\/p>\n\n\n\n<p>Signat per Miquel Delcl\u00f2s<\/p>\n","protected":false},"excerpt":{"rendered":"<p>La Direcci\u00f3 de Coneix \u00e9s conscient que la informaci\u00f3 \u00e9s un actiu de gran valor i, per tant, requereix una protecci\u00f3 adequada per a respondre a la confian\u00e7a que ens [&hellip;]<\/p>\n","protected":false},"author":4,"featured_media":0,"parent":0,"menu_order":0,"comment_status":"closed","ping_status":"closed","template":"","meta":{"_et_pb_use_builder":"off","_et_pb_old_content":"","_et_gb_content_width":"","inline_featured_image":false,"footnotes":""},"class_list":["post-5974","page","type-page","status-publish","hentry"],"yoast_head":"<!-- This site is optimized with the Yoast SEO plugin v27.4 - https:\/\/yoast.com\/product\/yoast-seo-wordpress\/ -->\n<title>Pol\u00edtica de Seguretat de la Informaci\u00f3 i Protecci\u00f3 de la Privacitat | Coneix<\/title>\n<meta name=\"robots\" content=\"noindex, nofollow\" \/>\n<meta property=\"og:locale\" content=\"ca_ES\" \/>\n<meta property=\"og:type\" content=\"article\" \/>\n<meta property=\"og:title\" content=\"Pol\u00edtica de Seguretat de la Informaci\u00f3 i Protecci\u00f3 de la Privacitat | Coneix\" \/>\n<meta property=\"og:description\" content=\"La Direcci\u00f3 de Coneix \u00e9s conscient que la informaci\u00f3 \u00e9s un actiu de gran valor i, per tant, requereix una protecci\u00f3 adequada per a respondre a la confian\u00e7a que ens [&hellip;]\" \/>\n<meta property=\"og:url\" content=\"https:\/\/coneix.com\/ca\/politica-seguretat-informacio\/\" \/>\n<meta property=\"og:site_name\" content=\"Coneix\" \/>\n<meta property=\"article:modified_time\" content=\"2025-05-15T15:04:39+00:00\" \/>\n<meta property=\"og:image\" content=\"https:\/\/coneix.com\/wp-content\/uploads\/2024\/04\/CONEIX.-Logotipo.png\" \/>\n\t<meta property=\"og:image:width\" content=\"191\" \/>\n\t<meta property=\"og:image:height\" content=\"74\" \/>\n\t<meta property=\"og:image:type\" content=\"image\/png\" \/>\n<meta name=\"twitter:card\" content=\"summary_large_image\" \/>\n<meta name=\"twitter:site\" content=\"@Coneix\" \/>\n<meta name=\"twitter:label1\" content=\"Temps estimat de lectura\" \/>\n\t<meta name=\"twitter:data1\" content=\"2 minuts\" \/>\n<!-- \/ Yoast SEO plugin. -->","yoast_head_json":{"title":"Pol\u00edtica de Seguretat de la Informaci\u00f3 i Protecci\u00f3 de la Privacitat | Coneix","robots":{"index":"noindex","follow":"nofollow"},"og_locale":"ca_ES","og_type":"article","og_title":"Pol\u00edtica de Seguretat de la Informaci\u00f3 i Protecci\u00f3 de la Privacitat | Coneix","og_description":"La Direcci\u00f3 de Coneix \u00e9s conscient que la informaci\u00f3 \u00e9s un actiu de gran valor i, per tant, requereix una protecci\u00f3 adequada per a respondre a la confian\u00e7a que ens [&hellip;]","og_url":"https:\/\/coneix.com\/ca\/politica-seguretat-informacio\/","og_site_name":"Coneix","article_modified_time":"2025-05-15T15:04:39+00:00","og_image":[{"width":191,"height":74,"url":"https:\/\/coneix.com\/wp-content\/uploads\/2024\/04\/CONEIX.-Logotipo.png","type":"image\/png"}],"twitter_card":"summary_large_image","twitter_site":"@Coneix","twitter_misc":{"Temps estimat de lectura":"2 minuts"},"schema":{"@context":"https:\/\/schema.org","@graph":[{"@type":"WebPage","@id":"https:\/\/coneix.com\/ca\/politica-seguretat-informacio\/","url":"https:\/\/coneix.com\/ca\/politica-seguretat-informacio\/","name":"Pol\u00edtica de Seguretat de la Informaci\u00f3 i Protecci\u00f3 de la Privacitat | Coneix","isPartOf":{"@id":"https:\/\/coneix.com\/ca\/#website"},"datePublished":"2025-02-12T12:51:42+00:00","dateModified":"2025-05-15T15:04:39+00:00","breadcrumb":{"@id":"https:\/\/coneix.com\/ca\/politica-seguretat-informacio\/#breadcrumb"},"inLanguage":"ca","potentialAction":[{"@type":"ReadAction","target":["https:\/\/coneix.com\/ca\/politica-seguretat-informacio\/"]}]},{"@type":"BreadcrumbList","@id":"https:\/\/coneix.com\/ca\/politica-seguretat-informacio\/#breadcrumb","itemListElement":[{"@type":"ListItem","position":1,"name":"Inicio","item":"https:\/\/coneix.com\/ca\/homepage\/"},{"@type":"ListItem","position":2,"name":"Pol\u00edtica de Seguretat de la Informaci\u00f3 i Protecci\u00f3 de la Privacitat"}]},{"@type":"WebSite","@id":"https:\/\/coneix.com\/ca\/#website","url":"https:\/\/coneix.com\/ca\/","name":"Coneix","description":"Herramienta y software de gesti\u00f3n especializada en empresas de ingenier\u00eda y arquitectura. Automatiza tareas, reduce el trabajo manual y aumenta la productividad y eficiencia","publisher":{"@id":"https:\/\/coneix.com\/ca\/#organization"},"alternateName":"Coneix","potentialAction":[{"@type":"SearchAction","target":{"@type":"EntryPoint","urlTemplate":"https:\/\/coneix.com\/ca\/?s={search_term_string}"},"query-input":{"@type":"PropertyValueSpecification","valueRequired":true,"valueName":"search_term_string"}}],"inLanguage":"ca"},{"@type":"Organization","@id":"https:\/\/coneix.com\/ca\/#organization","name":"Coneix Project Management SL","alternateName":"Coneix","url":"https:\/\/coneix.com\/ca\/","logo":{"@type":"ImageObject","inLanguage":"ca","@id":"https:\/\/coneix.com\/ca\/#\/schema\/logo\/image\/","url":"https:\/\/coneix.com\/wp-content\/uploads\/2024\/04\/CONEIX.-Logotipo.png","contentUrl":"https:\/\/coneix.com\/wp-content\/uploads\/2024\/04\/CONEIX.-Logotipo.png","width":191,"height":74,"caption":"Coneix Project Management SL"},"image":{"@id":"https:\/\/coneix.com\/ca\/#\/schema\/logo\/image\/"},"sameAs":["https:\/\/x.com\/Coneix","https:\/\/es.linkedin.com\/company\/coneix-project-management-sl","https:\/\/www.youtube.com\/user\/CONEIXPM"]}]}},"_links":{"self":[{"href":"https:\/\/coneix.com\/ca\/wp-json\/wp\/v2\/pages\/5974","targetHints":{"allow":["GET"]}}],"collection":[{"href":"https:\/\/coneix.com\/ca\/wp-json\/wp\/v2\/pages"}],"about":[{"href":"https:\/\/coneix.com\/ca\/wp-json\/wp\/v2\/types\/page"}],"author":[{"embeddable":true,"href":"https:\/\/coneix.com\/ca\/wp-json\/wp\/v2\/users\/4"}],"replies":[{"embeddable":true,"href":"https:\/\/coneix.com\/ca\/wp-json\/wp\/v2\/comments?post=5974"}],"version-history":[{"count":6,"href":"https:\/\/coneix.com\/ca\/wp-json\/wp\/v2\/pages\/5974\/revisions"}],"predecessor-version":[{"id":7089,"href":"https:\/\/coneix.com\/ca\/wp-json\/wp\/v2\/pages\/5974\/revisions\/7089"}],"wp:attachment":[{"href":"https:\/\/coneix.com\/ca\/wp-json\/wp\/v2\/media?parent=5974"}],"curies":[{"name":"wp","href":"https:\/\/api.w.org\/{rel}","templated":true}]}}