{"id":4157,"date":"2024-04-10T16:30:32","date_gmt":"2024-04-10T14:30:32","guid":{"rendered":"https:\/\/coneix.com\/avis-legal\/"},"modified":"2025-02-05T15:28:09","modified_gmt":"2025-02-05T14:28:09","slug":"avis-legal","status":"publish","type":"page","link":"https:\/\/coneix.com\/ca\/avis-legal\/","title":{"rendered":"Av\u00eds legal"},"content":{"rendered":"\n<h2 class=\"wp-block-heading\">DADES D&#8217;IDENTIFICACI\u00d3<\/h2>\n\n<p>Vost\u00e8 est\u00e0 visitant el lloc web sota el domini CONEIX.COM titularitat de CONEIX.<\/p>\n\n<ul class=\"wp-block-list\">\n<li><p><strong>Ra\u00f3 Social<\/strong>: CONEIX PROJECT MANAGEMENT, S.L.<\/p><\/li>\n\n\n\n<li><p><strong>Domicili Social<\/strong>: Carrer Orient, 49 4t 2a 08173 Sant Cugat de Vall\u00e8s (Barcelona)<\/p><\/li>\n\n\n\n<li><p><strong>NIF<\/strong>: B63735922<\/p><\/li>\n\n\n\n<li><p><strong>Tel\u00e8fon<\/strong>: 935 898 580<\/p><\/li>\n\n\n\n<li><p><strong>Adre\u00e7a electr\u00f2nica<\/strong>: comercial@coneix.com<\/p><\/li>\n\n\n\n<li><p><strong>Dades mercantils<\/strong>: Societat limitada inscrita al Registre Mercantil de Barcelona, <br\/>Tom 37417, Foli 175, Full B-298399<\/p><\/li>\n<\/ul>\n\n<h2 class=\"wp-block-heading\">ACCEPTACI\u00d3 DE L&#8217;USUARI<\/h2>\n\n<p>Aquest Av\u00eds Legal regula l&#8217;acc\u00e9s i utilitzaci\u00f3 del lloc web sota el domini CONEIX.COM (en endavant el &#8220;Lloc Web&#8221;) que CONEIX posa a disposici\u00f3 dels usuaris d&#8217;Internet. S&#8217;ent\u00e9n per usuari la persona que accedeixi, navegui, utilitzi o participi en els serveis i activitats d&#8217;aquest lloc web.<\/p>\n\n<p>Aquest lloc web compleix amb el que estableix la Llei 34\/2002, de l\u201911 de juliol, de Serveis de la Societat de la Informaci\u00f3 i de Comer\u00e7 Electr\u00f2nic i amb la legislaci\u00f3 vigent en mat\u00e8ria de protecci\u00f3 de dades personals.<\/p>\n\n<p>CONEIX podr\u00e0 alterar en qualsevol moment i sense av\u00eds previ, el disseny, presentaci\u00f3 i \/ o configuraci\u00f3 del lloc web, aix\u00ed com alguns o tots els serveis, i afegir serveis nous.<\/p>\n\n<p>La utilitzaci\u00f3 d&#8217;aquest lloc web implica la plena acceptaci\u00f3 de les disposicions incloses en aquest Av\u00eds Legal i Condicions Generals d&#8217;\u00das en la versi\u00f3 publicada per CONEIX en el moment en qu\u00e8 l&#8217;Usuari accedeixi al Lloc Web.<\/p>\n\n<p>La utilitzaci\u00f3 de certs serveis oferts als Usuaris a trav\u00e9s del Lloc Web pot trobar-se sotmesa a condicions particulars pr\u00f2pies que, segons els casos substitueixen, completen i\/o modifiquen les presents Condicions Generals d&#8217;\u00das. Per tant, amb anterioritat a la utilitzaci\u00f3 de aquests serveis, l&#8217;Usuari tamb\u00e9 ha de llegir atentament i acceptar les corresponents condicions particulars pr\u00f2pies.<\/p>\n\n<h2 class=\"wp-block-heading\">CONDICIONS GENERALS D&#8217;\u00daS<\/h2>\n\n<p>L&#8217;acc\u00e9s a la p\u00e0gina web per part dels usuaris t\u00e9 car\u00e0cter lliure i gratu\u00eft, i queda expressament prohibit qualsevol \u00fas diferent a la finalitat d&#8217;aquest Lloc Web.<\/p>\n\n<p>L&#8217;usuari es compromet a fer un \u00fas diligent del mateix i dels serveis accessibles des d&#8217;aquest lloc web, aix\u00ed com mantenir el degut respecte als altres usuaris.<\/p>\n\n<p>Entre d&#8217;altres, aquest comprom\u00eds implica que:<\/p>\n\n<ul class=\"wp-block-list\">\n<li>L&#8217;usuari es compromet a utilitzar el lloc web, els continguts i serveis amb total subjecci\u00f3 a la Llei, als bons costums i les presents condicions d&#8217;\u00fas i, si escau, les condicions particulars,<\/li>\n<\/ul>\n\n<p>De la mateixa manera l&#8217;Usuari s&#8217;obliga a no utilitzar el lloc web o els serveis que es prestin a trav\u00e9s d&#8217;ell amb fins o efectes il\u00b7l\u00edcits o contraris al contingut del present Av\u00eds Legal, lesius dels interessos o drets de tercers, o que de qualsevol forma pugui perjudicar, inutilitzar o deteriorar el lloc web o els seus serveis o impedir un normal gaudi del lloc web per altres Usuaris.<\/p>\n\n<ul class=\"wp-block-list\">\n<li>L&#8217;usuari es compromet expressament a no destruir, alterar, inutilitzar o, de qualsevol altra forma, perjudicar les dades, programes o documents electr\u00f2nics i altres que es trobin en el lloc web.<\/li>\n\n\n\n<li>L&#8217;usuari es compromet a no obstaculitzar l&#8217;acc\u00e9s d&#8217;altres usuaris al servei d&#8217;acc\u00e9s mitjan\u00e7ant el consum massiu dels recursos inform\u00e0tics a trav\u00e9s dels quals CONEIX presta el servei, aix\u00ed com realitzar accions que perjudiquin, interrompin o generin errors en aquests sistemes o serveis.<\/li>\n\n\n\n<li>L&#8217;usuari es compromet a no introduir programes, virus, scripts, macros, applets, controls ActiveX o qualsevol altre dispositiu l\u00f2gic o seq\u00fc\u00e8ncia de car\u00e0cters que causin o siguin susceptibles de causar qualsevol tipus d&#8217;alteraci\u00f3 en els sistemes inform\u00e0tics de CONEIX o de tercers.<\/li>\n\n\n\n<li>L&#8217;usuari es compromet a no obtenir informacions, missatges, gr\u00e0fics, dibuixos, arxius de so i\/o imatge, fotografies, enregistraments, programari i en general, qualsevol classe de material accessible a trav\u00e9s del lloc web o dels serveis oferts en el mateix.<\/li>\n\n\n\n<li>L&#8217;usuari es compromet a fer un \u00fas adequat dels continguts i serveis que CONEIX ofereix al seu lloc web i a no emprar-los per inc\u00f3rrer en activitats il\u00b7l\u00edcites o contr\u00e0ries a la bona fe i a l&#8217;ordenament legal; difondre continguts o propaganda de car\u00e0cter racista, xen\u00f2fob, pornogr\u00e0fic-il\u00b7legal, d&#8217;apologia del terrorisme o que atempti contra els drets humans.&#13;\n<\/li>\n\n\n\n<li>De conformitat amb la pol\u00edtica anti-spam de CONEIX l&#8217;usuari s&#8217;obliga a abstenir d&#8217;utilitzar i recaptar dades a partir de llistes de distribuci\u00f3 a les quals es pugui accedir a trav\u00e9s de les informacions i serveis inclosos al lloc web per a la realitzaci\u00f3 d&#8217;activitats amb fins promocionals o publicitaris, aix\u00ed com de remetre comunicacions comercials de qualsevol classe i a trav\u00e9s de qualsevol suport no sol\u00b7licitats ni pr\u00e8viament consentits per CONEIX i\/o els interessats. <\/li>\n<\/ul>\n\n<p>L&#8217;usuari que incompleixi intencional o culpablement qualsevol de les precedents obligacions i compromisos haur\u00e0 de respondre per tots els danys i perjudicis que causi.<\/p>\n\n<h2 class=\"wp-block-heading\">REGISTRE A LA WEB I CONTRASENYES<\/h2>\n\n<p>Amb car\u00e0cter general l\u2019acc\u00e9s als serveis i continguts d\u2019aquest lloc web no exigeix la pr\u00e8via subscripci\u00f3 o registre dels Usuaris. No obstant aix\u00f2, CONEIX podria condicionar la utilitzaci\u00f3 d&#8217;alguns dels serveis al previ emplenament del corresponent registre d&#8217;Usuari, seleccionant l&#8217;identificador (ID o login) i la contrasenya que l&#8217;Usuari es compromet a conservar i a fer servir amb la dilig\u00e8ncia deguda.<\/p>\n\n<ul class=\"wp-block-list\">\n<li>Si per a la utilitzaci\u00f3 d&#8217;un servei en el lloc web, l&#8217;usuari ha de procedir al seu registre, aquest ser\u00e0 responsable d&#8217;aportar informaci\u00f3 vera\u00e7 i l\u00edcita.<\/li>\n<\/ul>\n\n<p>A aquests efectes, l&#8217;Usuari garanteix l&#8217;autenticitat de totes aquelles dades que comuniqui com a conseq\u00fc\u00e8ncia de l&#8217;emplenament dels formularis necessaris per a la subscripci\u00f3 dels Serveis.<\/p>\n\n<p>De la mateixa, manera, ser\u00e0 responsabilitat seva mantenir tota la informaci\u00f3 facilitada a CONEIX permanentment actualitzada de manera que respongui, en cada moment a la situaci\u00f3 real de l&#8217;Usuari. En tot cas l&#8217;Usuari ser\u00e0 l&#8217;\u00fanic responsable de les manifestacions falses o inexactes que realitzi i dels perjudicis que causi a CONEIX o a tercers per la informaci\u00f3 que faciliti.<\/p>\n\n<ul class=\"wp-block-list\">\n<li>Si com a conseq\u00fc\u00e8ncia del registre, es dotar\u00e0 a l&#8217;usuari d&#8217;una contrasenya, aquest es compromet a fer-ne un \u00fas diligent i a mantenir en secret la contrasenya per accedir a aquests serveis. Els usuaris s\u00f3n responsables de l&#8217;adequada cust\u00f2dia i confidencialitat de qualsevol identificador i\/o contrasenya que li siguin subministrades per CONEIX i es comprometen a no cedir el seu \u00fas a tercers, ja sigui temporal o permanentment, ni a permetre el seu acc\u00e9s a persones alienes. Ser\u00e0 responsabilitat de l&#8217;usuari la utilitzaci\u00f3 il\u00b7leg\u00edtima dels serveis per part d&#8217;un tercer que empri a aquest efecte una contrasenya obtinguda a causa d&#8217;una utilitzaci\u00f3 no diligent o de la p\u00e8rdua d&#8217;aquesta per part de l&#8217;usuari.<\/li>\n\n\n\n<li>L&#8217;usuari est\u00e0 obligat a notificar de forma immediata a * EMPRESA * qualsevol fet que permeti l&#8217;\u00fas indegut dels identificadors i \/ o contrasenyes, tals com el robatori, p\u00e8rdua, o l&#8217;acc\u00e9s no autoritzat als mateixos, per tal de procedir a la seva immediata cancel\u00b7laci\u00f3. Mentre no es comuniquin aquests fets, * EMPRESA * quedar\u00e0 eximit de qualsevol responsabilitat que pogu\u00e9s derivar de l&#8217;\u00fas indegut dels identificadors i \/ o contrasenyes per tercers no autoritzats.<\/li>\n\n\n\n<li>Alguns dels serveis i continguts oferts per * EMPRESA * poden trobar-se subjectes a contractaci\u00f3 pr\u00e8via del servei i al pagament d&#8217;una quantitat de diners en la forma que es determini en les condicions generals de contractaci\u00f3, en aquest cas es posaran a la seva disposici\u00f3 forma clara.<\/li>\n\n\n\n<li>Quan sigui necessari que l&#8217;usuari es registri o aporti dades personals per poder accedir a algun dels serveis, la recollida i el tractament de les dades personals dels usuaris ser\u00e0 d&#8217;aplicaci\u00f3 el que disposa l&#8217;apartat de Protecci\u00f3 de dades personals d&#8217;aquest Av\u00eds Legal, aix\u00ed com el que disposen les Condicions de Registre si n&#8217;hi ha.<\/li>\n<\/ul>\n\n<h2 class=\"wp-block-heading\">LIMITACI\u00d3 DE GARANTIES I RESPONSABILITATS<\/h2>\n\n<p>CONEIX es compromet a realitzar els seus millors esfor\u00e7os per evitar qualsevol error en els continguts que poguessin apar\u00e8ixer en el lloc web. En qualsevol cas, CONEIX estar\u00e0 exempta de qualsevol responsabilitat pels danys i perjudicis de tota naturalesa que es puguin deure a la falta d&#8217;exactitud, exhaustivitat, actualitat, aix\u00ed com a errors o omissions dels quals poguessin existir en les informacions i serveis continguts de aquest Lloc Web o altres continguts als que es pugui accedir a trav\u00e9s del mateix, ni assumeix cap deure o comprom\u00eds de verificar ni de vigilar els seus continguts i informacions.<\/p>\n\n<p>Aix\u00ed mateix, CONEIX no garanteix la disponibilitat, continu\u00eftat ni la infal\u00b7libilitat del funcionament del Lloc Web, i en conseq\u00fc\u00e8ncia exclou, en la m\u00e0xima mesura permesa per la legislaci\u00f3 vigent, qualsevol responsabilitat pels danys i perjudicis de tota naturalesa que puguin deure\u2019s a la falta de disponibilitat o de continu\u00eftat del funcionament del lloc web i dels serveis habilitats en el mateix, aix\u00ed com als errors en l&#8217;acc\u00e9s a les diferents p\u00e0gines web o a aquelles des de les que, si escau, es prestin aquests serveis.<\/p>\n\n<p>CONEIX tampoc garanteix que el lloc web i el servidor estiguin lliures de virus i no es fa responsable dels possibles danys o perjudicis que es puguin derivar d&#8217;interfer\u00e8ncies, omissions, interrupcions, virus inform\u00e0tics, avaries telef\u00f2niques o desconnexions en el funcionament operatiu d&#8217;aquest sistema electr\u00f2nic, motivat per causes alienes a CONEIX, de retards o bloquejos en l&#8217;\u00fas d&#8217;aquest sistema electr\u00f2nic causats per defici\u00e8ncies de l\u00ednies telef\u00f2niques o sobrec\u00e0rregues en el sistema d&#8217;Internet o en altres sistemes electr\u00f2nics, aix\u00ed com tamb\u00e9 de danys que puguin ser causats per terceres persones mitjan\u00e7ant intromissions il\u00b7leg\u00edtimes fora del control de CONEIX.<\/p>\n\n<p>CONEIX exclou qualsevol responsabilitat pels danys i perjudicis de tota \u00edndole que puguin deure als possibles serveis prestats per tercers a trav\u00e9s d&#8217;aquest Lloc Web aix\u00ed com als mitjans que aquests habiliten per gestionar les sol\u00b7licituds de servei, i concretament, de manera enunciativa i no limitatiu: pels actes de compet\u00e8ncia deslleial i publicitat il\u00b7l\u00edcita com a conseq\u00fc\u00e8ncia de la prestaci\u00f3 de serveis per tercers a trav\u00e9s del lloc web, aix\u00ed com a la falta de veracitat, exactitud, exhaustivitat, vicis, defectes, pertin\u00e8ncia i\/o actualitat els continguts transmesos, difosos, emmagatzemats, rebuts, obtinguts, posats a disposici\u00f3 o accessibles mitjan\u00e7ant els serveis prestats per tercers a trav\u00e9s d&#8217;aquest lloc web.<\/p>\n\n<h2 class=\"wp-block-heading\">PROPIETAT INTEL\u00b7LECTUAL I INDUSTRIAL.<\/h2>\n\n<p>Tots els drets de propietat industrial i intel\u00b7lectual d&#8217;aquest lloc web i dels seus continguts (textos, imatges, sons, \u00e0udio, v\u00eddeo, dissenys, creativitats, software) pertanyen, com a autor d&#8217;obra col\u00b7lectiva o com a cession\u00e0ria, a CONEIX o, si \u00e9s el cas, a terceres persones.<\/p>\n\n<p>Queden expressament prohibides la reproducci\u00f3, la distribuci\u00f3 i la comunicaci\u00f3 p\u00fablica, inclosa la seva modalitat de posada a disposici\u00f3, de la totalitat o part dels continguts d&#8217;aquesta p\u00e0gina web, amb qualsevol fi, en qualsevol suport i per qualsevol mitj\u00e0 t\u00e8cnic, sense l&#8217;autoritzaci\u00f3 de CONEIX.<\/p>\n\n<p>L&#8217;usuari es compromet a respectar els drets de propietat industrial i intel\u00b7lectual titularitat de CONEIX i de tercers.<\/p>\n\n<p>L&#8217;usuari pot visualitzar tots els elements, imprimir-los, copiar-los i emmagatzemar-los al disc dur del seu ordinador o en qualsevol altre suport f\u00edsic sempre que sigui, \u00fanica i exclusivament, per al seu \u00fas personal i privat, quedant, per tant, terminantment prohibida la seva utilitzaci\u00f3 amb altres fins, la seva distribuci\u00f3, aix\u00ed com la seva modificaci\u00f3, alteraci\u00f3 o descompilaci\u00f3.<\/p>\n\n<p>CONEIX pot proporcionar l&#8217;acc\u00e9s a tot tipus d&#8217;informacions, serveis, programes o dades a Internet que poden pert\u00e0nyer a terceres persones, en aquest cas seran d&#8217;aplicaci\u00f3 els drets de propietat intel\u00b7lectual estipulats pels seus propietaris.<\/p>\n\n<h2 class=\"wp-block-heading\">ENLLA\u00c7OS DE TERCERS<\/h2>\n\n<p>En el sup\u00f2sit que en el lloc web es disposessin enlla\u00e7os o hipervincles cap a altres llocs d&#8217;Internet, CONEIX no exercir\u00e0 cap tipus de control sobre aquests llocs i continguts.<\/p>\n\n<p>En cap cas CONEIX assumir\u00e0 responsabilitat alguna pels continguts d&#8217;algun enlla\u00e7 pertanyent a un lloc web ali\u00e8, ni garantir\u00e0 la disponibilitat t\u00e8cnica, qualitat, fiabilitat, exactitud, amplitud, veracitat ni validesa de qualsevol material o informaci\u00f3 continguda en cap de els hipervincles o altres llocs d&#8217;Internet.<\/p>\n\n<p>Aquests enlla\u00e7os es proporcionen \u00fanicament per informar a l&#8217;usuari sobre l&#8217;exist\u00e8ncia d&#8217;altres fonts d&#8217;informaci\u00f3 sobre un tema concret, i la inclusi\u00f3 d&#8217;un enlla\u00e7 no implica l&#8217;aprovaci\u00f3 de la p\u00e0gina web enlla\u00e7ada per part de CONEIX.<\/p>\n\n<p>CONEIX tan sols autoritza mencions als seus continguts en altres seus web, amb el tractament que aquestes considerin sempre que sigui respectu\u00f3s, compleixi la legislaci\u00f3 vigent i en cap cas reprodueixin, sense la deguda autoritzaci\u00f3, els continguts de CONEIX.<\/p>\n\n<h2 class=\"wp-block-heading\">PROTECCI\u00d3 DE DADES PERSONALS<\/h2>\n\n<p>CONEIX adopta les mesures t\u00e8cniques i organitzatives necess\u00e0ries per garantir la protecci\u00f3 de les dades de car\u00e0cter personal i evitar la seva alteraci\u00f3, p\u00e8rdua, tractament i\/o acc\u00e9s no autoritzat, at\u00e8s l&#8217;estat actual de la tecnologia, la naturalesa de les dades emmagatzemades i els riscos a qu\u00e8 estan exposats. Tot aix\u00f2, d&#8217;acord amb el que estableix la legislaci\u00f3 vigent en mat\u00e8ria de protecci\u00f3 de dades de car\u00e0cter personal.<\/p>\n\n<p>El usuario podr\u00e1 proporcionar a CONEIX sus datos de car\u00e1cter personal a trav\u00e9s de los distintos formularios que a tal efecto aparecen en el sitio web. Dichos formularios incorporan un enlace a la <a href=\"https:\/\/coneix.com\/ca\/politica-de-cookies\/\">Pol\u00edtica de Privacidad<\/a>.<\/p>\n\n<p>De la mateixa manera, CONEIX podr\u00e0 obtenir dades de car\u00e0cter personal originats per la seva navegaci\u00f3 i\/o \u00fas d&#8217;aquest lloc web, d&#8217;acord amb la nostra pol\u00edtica de privacitat.<\/p>\n\n<p>Rogamos lea atentamente nuestra <a href=\"https:\/\/coneix.com\/ca\/politica-de-cookies\/\">Pol\u00edtica de Privacidad<\/a> antes de facilitar sus datos de car\u00e1cter personal.<\/p>\n\n<h2 class=\"wp-block-heading\">\u00daS DE COOKIES<\/h2>\n\n<p><p>Aquest lloc web, igual que la majoria dels llocs web a Internet, fa servir cookies per millorar l&#8217;experi\u00e8ncia de l&#8217;usuari. A la nostra Pol\u00edtica de Cookies trobareu informaci\u00f3 sobre qu\u00e8 s\u00f3n les cookies, quin tipus de cookies utilitza aquest lloc web, com pot desactivar les cookies en el seu navegador i com desactivar espec\u00edficament la instal\u00b7laci\u00f3 de cookies de tercers.<\/p><\/p>\n\n<p>Rogamos lea atentamente nuestra <a href=\"https:\/\/coneix.com\/ca\/politica-de-cookies\/\">Pol\u00edtica de Cookies<\/a> antes de continuar navegando en nuestro sitio web.<\/p>\n\n<h2 class=\"wp-block-heading\">MODIFICACI\u00d3 DE LES CONDICIONS DE L&#8217;AV\u00cdS LEGAL<\/h2>\n\n<p>CONEIX es reserva expressament el dret a modificar el present av\u00eds legal sense notificaci\u00f3 pr\u00e8via. En conseq\u00fc\u00e8ncia, l&#8217;Usuari ha de llegir atentament el present Av\u00eds Legal en cadascuna de les ocasions en qu\u00e8 es procedeixi a utilitzar el lloc web, ja que aquest Av\u00eds Legal pot sofrir modificacions.<\/p>\n\n<p>L&#8217;usuari reconeix i accepta que \u00e9s la seva responsabilitat revisar el lloc web i el present Av\u00eds Legal.<\/p>\n\n<h2 class=\"wp-block-heading\">LLEI I JURISDICCI\u00d3<\/h2>\n\n<p>Totes les q\u00fcestions que se suscitin entre CONEIX i l&#8217;usuari relatives a la interpretaci\u00f3, compliment i validesa del present Av\u00eds Legal es regiran per les seves pr\u00f2pies cl\u00e0usules i, en el que en elles no estigu\u00e9s previst, d&#8217;acord amb la legislaci\u00f3 espanyola, sotmetent-se expressament les parts a la jurisdicci\u00f3 dels jutjats i tribunals del domicili de CONEIX.<\/p>\n\n<div style=\"height:100px\" aria-hidden=\"true\" class=\"wp-block-spacer\"><\/div>\n","protected":false},"excerpt":{"rendered":"<p>DADES D&#8217;IDENTIFICACI\u00d3 Vost\u00e8 est\u00e0 visitant el lloc web sota el domini CONEIX.COM titularitat de CONEIX. ACCEPTACI\u00d3 DE L&#8217;USUARI Aquest Av\u00eds Legal regula l&#8217;acc\u00e9s i utilitzaci\u00f3 del lloc web sota el [&hellip;]<\/p>\n","protected":false},"author":2,"featured_media":0,"parent":0,"menu_order":0,"comment_status":"closed","ping_status":"closed","template":"","meta":{"_et_pb_use_builder":"off","_et_pb_old_content":"","_et_gb_content_width":"","inline_featured_image":false,"footnotes":""},"class_list":["post-4157","page","type-page","status-publish","hentry"],"yoast_head":"<!-- This site is optimized with the Yoast SEO plugin v27.4 - https:\/\/yoast.com\/product\/yoast-seo-wordpress\/ -->\n<title>Av\u00eds legal | Coneix<\/title>\n<meta name=\"robots\" content=\"noindex, nofollow\" \/>\n<meta property=\"og:locale\" content=\"ca_ES\" \/>\n<meta property=\"og:type\" content=\"article\" \/>\n<meta property=\"og:title\" content=\"Av\u00eds legal | Coneix\" \/>\n<meta property=\"og:description\" content=\"DADES D&#8217;IDENTIFICACI\u00d3 Vost\u00e8 est\u00e0 visitant el lloc web sota el domini CONEIX.COM titularitat de CONEIX. ACCEPTACI\u00d3 DE L&#8217;USUARI Aquest Av\u00eds Legal regula l&#8217;acc\u00e9s i utilitzaci\u00f3 del lloc web sota el [&hellip;]\" \/>\n<meta property=\"og:url\" content=\"https:\/\/coneix.com\/ca\/avis-legal\/\" \/>\n<meta property=\"og:site_name\" content=\"Coneix\" \/>\n<meta property=\"article:modified_time\" content=\"2025-02-05T14:28:09+00:00\" \/>\n<meta property=\"og:image\" content=\"https:\/\/coneix.com\/wp-content\/uploads\/2024\/04\/CONEIX.-Logotipo.png\" \/>\n\t<meta property=\"og:image:width\" content=\"191\" \/>\n\t<meta property=\"og:image:height\" content=\"74\" \/>\n\t<meta property=\"og:image:type\" content=\"image\/png\" \/>\n<meta name=\"twitter:card\" content=\"summary_large_image\" \/>\n<meta name=\"twitter:site\" content=\"@Coneix\" \/>\n<meta name=\"twitter:label1\" content=\"Temps estimat de lectura\" \/>\n\t<meta name=\"twitter:data1\" content=\"11 minuts\" \/>\n<!-- \/ Yoast SEO plugin. -->","yoast_head_json":{"title":"Av\u00eds legal | Coneix","robots":{"index":"noindex","follow":"nofollow"},"og_locale":"ca_ES","og_type":"article","og_title":"Av\u00eds legal | Coneix","og_description":"DADES D&#8217;IDENTIFICACI\u00d3 Vost\u00e8 est\u00e0 visitant el lloc web sota el domini CONEIX.COM titularitat de CONEIX. ACCEPTACI\u00d3 DE L&#8217;USUARI Aquest Av\u00eds Legal regula l&#8217;acc\u00e9s i utilitzaci\u00f3 del lloc web sota el [&hellip;]","og_url":"https:\/\/coneix.com\/ca\/avis-legal\/","og_site_name":"Coneix","article_modified_time":"2025-02-05T14:28:09+00:00","og_image":[{"width":191,"height":74,"url":"https:\/\/coneix.com\/wp-content\/uploads\/2024\/04\/CONEIX.-Logotipo.png","type":"image\/png"}],"twitter_card":"summary_large_image","twitter_site":"@Coneix","twitter_misc":{"Temps estimat de lectura":"11 minuts"},"schema":{"@context":"https:\/\/schema.org","@graph":[{"@type":"WebPage","@id":"https:\/\/coneix.com\/ca\/avis-legal\/","url":"https:\/\/coneix.com\/ca\/avis-legal\/","name":"Av\u00eds legal | Coneix","isPartOf":{"@id":"https:\/\/coneix.com\/ca\/#website"},"datePublished":"2024-04-10T14:30:32+00:00","dateModified":"2025-02-05T14:28:09+00:00","breadcrumb":{"@id":"https:\/\/coneix.com\/ca\/avis-legal\/#breadcrumb"},"inLanguage":"ca","potentialAction":[{"@type":"ReadAction","target":["https:\/\/coneix.com\/ca\/avis-legal\/"]}]},{"@type":"BreadcrumbList","@id":"https:\/\/coneix.com\/ca\/avis-legal\/#breadcrumb","itemListElement":[{"@type":"ListItem","position":1,"name":"Inicio","item":"https:\/\/coneix.com\/ca\/homepage\/"},{"@type":"ListItem","position":2,"name":"Av\u00eds legal"}]},{"@type":"WebSite","@id":"https:\/\/coneix.com\/ca\/#website","url":"https:\/\/coneix.com\/ca\/","name":"Coneix","description":"Herramienta y software de gesti\u00f3n especializada en empresas de ingenier\u00eda y arquitectura. Automatiza tareas, reduce el trabajo manual y aumenta la productividad y eficiencia","publisher":{"@id":"https:\/\/coneix.com\/ca\/#organization"},"alternateName":"Coneix","potentialAction":[{"@type":"SearchAction","target":{"@type":"EntryPoint","urlTemplate":"https:\/\/coneix.com\/ca\/?s={search_term_string}"},"query-input":{"@type":"PropertyValueSpecification","valueRequired":true,"valueName":"search_term_string"}}],"inLanguage":"ca"},{"@type":"Organization","@id":"https:\/\/coneix.com\/ca\/#organization","name":"Coneix Project Management SL","alternateName":"Coneix","url":"https:\/\/coneix.com\/ca\/","logo":{"@type":"ImageObject","inLanguage":"ca","@id":"https:\/\/coneix.com\/ca\/#\/schema\/logo\/image\/","url":"https:\/\/coneix.com\/wp-content\/uploads\/2024\/04\/CONEIX.-Logotipo.png","contentUrl":"https:\/\/coneix.com\/wp-content\/uploads\/2024\/04\/CONEIX.-Logotipo.png","width":191,"height":74,"caption":"Coneix Project Management SL"},"image":{"@id":"https:\/\/coneix.com\/ca\/#\/schema\/logo\/image\/"},"sameAs":["https:\/\/x.com\/Coneix","https:\/\/es.linkedin.com\/company\/coneix-project-management-sl","https:\/\/www.youtube.com\/user\/CONEIXPM"]}]}},"_links":{"self":[{"href":"https:\/\/coneix.com\/ca\/wp-json\/wp\/v2\/pages\/4157","targetHints":{"allow":["GET"]}}],"collection":[{"href":"https:\/\/coneix.com\/ca\/wp-json\/wp\/v2\/pages"}],"about":[{"href":"https:\/\/coneix.com\/ca\/wp-json\/wp\/v2\/types\/page"}],"author":[{"embeddable":true,"href":"https:\/\/coneix.com\/ca\/wp-json\/wp\/v2\/users\/2"}],"replies":[{"embeddable":true,"href":"https:\/\/coneix.com\/ca\/wp-json\/wp\/v2\/comments?post=4157"}],"version-history":[{"count":10,"href":"https:\/\/coneix.com\/ca\/wp-json\/wp\/v2\/pages\/4157\/revisions"}],"predecessor-version":[{"id":5941,"href":"https:\/\/coneix.com\/ca\/wp-json\/wp\/v2\/pages\/4157\/revisions\/5941"}],"wp:attachment":[{"href":"https:\/\/coneix.com\/ca\/wp-json\/wp\/v2\/media?parent=4157"}],"curies":[{"name":"wp","href":"https:\/\/api.w.org\/{rel}","templated":true}]}}